{"id":285,"date":"2024-02-20T14:24:39","date_gmt":"2024-02-20T14:24:39","guid":{"rendered":"https:\/\/www.hoteledison.com.pl\/polityki-prywatnosci-i-stosowania-plikow-cookies\/"},"modified":"2024-06-19T16:14:46","modified_gmt":"2024-06-19T16:14:46","slug":"datenschutz-und-cookie-richtlinie","status":"publish","type":"page","link":"https:\/\/www.hoteledison.com.pl\/de\/datenschutz-und-cookie-richtlinie\/","title":{"rendered":"Datenschutz- und Cookie-Richtlinie"},"content":{"rendered":"<ol>\n<li style=\"list-style-type: none;\">\n<ol>\n<li>Diese Datenschutzrichtlinie legt die Regeln f\u00fcr die Verarbeitung und den Schutz personenbezogener Daten fest, die von Nutzern im Zusammenhang mit der Nutzung der von der Website des Hotel Edison angebotenen Dienste bereitgestellt werden.<\/li>\n<li>Der Datenverantwortliche ist Hotel Edison sp. z o.o, ul. Wypoczynkowa 60, Baranowo, 62-081 Prze\u017amierowo, eingetragen unter NIP: 7770016650.<\/li>\n<li>Der Administrator stellt die Sicherheit personenbezogener Daten durch die Einhaltung interner Verfahren und gesetzlicher Vorschriften sicher, einschlie\u00dflich der EU-Datenschutz-Grundverordnung (DSGVO) 2016\/679.<\/li>\n<li>Personenbezogene Daten werden rechtm\u00e4\u00dfig verarbeitet, f\u00fcr bestimmte Zwecke erhoben und nicht l\u00e4nger als notwendig gespeichert.<\/li>\n<li>Die Datenverarbeitung erfolgt auf Grundlage der Einwilligung der Nutzer und gesetzlicher Anforderungen.<\/li>\n<li>Personenbezogene Daten werden zur Beantwortung von Nutzeranfragen, zur Buchung von Dienstleistungen, zu Marketingzwecken (mit Einwilligung der Nutzer) und im berechtigten Interesse des Datenverantwortlichen verarbeitet.<\/li>\n<li>Daten k\u00f6nnen an autorisierte Stellen weitergegeben werden, wie z. B. Rechts-, IT-, Marketing- und Buchhaltungsdienste.<\/li>\n<li>Nutzer haben das Recht auf Zugang, \u00c4nderung, L\u00f6schung und Einschr\u00e4nkung der Verarbeitung ihrer personenbezogenen Daten jederzeit.<\/li>\n<li>Nutzer k\u00f6nnen ihre Einwilligung widerrufen, ohne die Rechtm\u00e4\u00dfigkeit der vorherigen Verarbeitung zu beeintr\u00e4chtigen.<\/li>\n<li>Beschwerden k\u00f6nnen beim Amt f\u00fcr Datenschutz eingereicht werden.<\/li>\n<li>Informationen \u00fcber Nutzer werden durch Formulare und Cookies gesammelt.<\/li>\n<li>Nutzer werden bei ihrem ersten Besuch auf der Website \u00fcber die Verwendung von Cookies informiert und k\u00f6nnen ihre Browsereinstellungen anpassen.<\/li>\n<li>Cookies sind f\u00fcr die ordnungsgem\u00e4\u00dfe Funktion der Website unerl\u00e4sslich und werden f\u00fcr Buchungsprozesse und statistische Analysen verwendet. <div id=\"macaron_inline_cookie_box\"><\/div><\/li>\n<li>Links zu unabh\u00e4ngigen Websites mit eigenen Datenschutzrichtlinien k\u00f6nnen auf der Website erscheinen.<\/li>\n<li>Der Administrator beh\u00e4lt sich das Recht vor, die Datenschutzrichtlinie aufgrund technologischer Entwicklungen, gesetzlicher \u00c4nderungen oder Serviceverbesserungen zu aktualisieren, und die Nutzer werden \u00fcber \u00c4nderungen informiert.<\/li>\n<\/ol>\n<\/li>\n<\/ol>\n<p>&nbsp;<\/p>\n","protected":false},"excerpt":{"rendered":"<p>Diese Datenschutzrichtlinie legt die Regeln f\u00fcr die Verarbeitung und den Schutz personenbezogener Daten fest, die von Nutzern im Zusammenhang mit der Nutzung der von der Website des Hotel Edison angebotenen Dienste bereitgestellt werden. Der Datenverantwortliche ist Hotel Edison sp. z o.o, ul. Wypoczynkowa 60, Baranowo, 62-081 Prze\u017amierowo, eingetragen unter NIP: 7770016650. Der Administrator stellt die [&hellip;]<\/p>\n","protected":false},"author":12,"featured_media":0,"parent":0,"menu_order":200,"comment_status":"closed","ping_status":"closed","template":"template-default-4.php","meta":{"footnotes":""},"yoast_head":"<!-- This site is optimized with the Yoast SEO plugin v22.3 - https:\/\/yoast.com\/wordpress\/plugins\/seo\/ -->\n<title>Datenschutz- und Cookie-Richtlinie &#8211; Hotel Edison<\/title>\n<meta name=\"description\" content=\"%hotelpageDescReduced%%\" \/>\n<meta name=\"robots\" content=\"index, follow, max-snippet:-1, max-image-preview:large, max-video-preview:-1\" \/>\n<link rel=\"canonical\" href=\"https:\/\/www.hoteledison.com.pl\/de\/datenschutz-und-cookie-richtlinie\/\" \/>\n<meta property=\"og:locale\" content=\"de_DE\" \/>\n<meta property=\"og:type\" content=\"article\" \/>\n<meta property=\"og:title\" content=\"Datenschutz- und Cookie-Richtlinie &#8211; Hotel Edison\" \/>\n<meta property=\"og:description\" content=\"%hotelpageDescReduced%%\" \/>\n<meta property=\"og:url\" content=\"https:\/\/www.hoteledison.com.pl\/de\/datenschutz-und-cookie-richtlinie\/\" \/>\n<meta property=\"og:site_name\" content=\"Hotel Edison\" \/>\n<meta property=\"article:publisher\" content=\"https:\/\/pl-pl.facebook.com\/bwhoteledison.poznan\" \/>\n<meta property=\"article:modified_time\" content=\"2024-06-19T16:14:46+00:00\" \/>\n<meta name=\"twitter:card\" content=\"summary_large_image\" \/>\n<meta name=\"twitter:label1\" content=\"Gesch\u00e4tzte Lesezeit\" \/>\n\t<meta name=\"twitter:data1\" content=\"2 Minuten\" \/>\n<script type=\"application\/ld+json\" class=\"yoast-schema-graph\">{\"@context\":\"https:\/\/schema.org\",\"@graph\":[{\"@type\":\"WebPage\",\"@id\":\"https:\/\/www.hoteledison.com.pl\/de\/datenschutz-und-cookie-richtlinie\/\",\"url\":\"https:\/\/www.hoteledison.com.pl\/de\/datenschutz-und-cookie-richtlinie\/\",\"name\":\"Datenschutz- und Cookie-Richtlinie &#8211; Hotel Edison\",\"isPartOf\":{\"@id\":\"http:\/\/www.hoteledison.com.pl\/de\/#website\"},\"datePublished\":\"2024-02-20T14:24:39+00:00\",\"dateModified\":\"2024-06-19T16:14:46+00:00\",\"description\":\"%hotelpageDescReduced%%\",\"breadcrumb\":{\"@id\":\"https:\/\/www.hoteledison.com.pl\/de\/datenschutz-und-cookie-richtlinie\/#breadcrumb\"},\"inLanguage\":\"de-DE\",\"potentialAction\":[{\"@type\":\"ReadAction\",\"target\":[\"https:\/\/www.hoteledison.com.pl\/de\/datenschutz-und-cookie-richtlinie\/\"]}]},{\"@type\":\"BreadcrumbList\",\"@id\":\"https:\/\/www.hoteledison.com.pl\/de\/datenschutz-und-cookie-richtlinie\/#breadcrumb\",\"itemListElement\":[{\"@type\":\"ListItem\",\"position\":1,\"name\":\"Home\",\"item\":\"https:\/\/www.hoteledison.com.pl\/de\/\"},{\"@type\":\"ListItem\",\"position\":2,\"name\":\"Datenschutz- und Cookie-Richtlinie\"}]},{\"@type\":\"WebSite\",\"@id\":\"http:\/\/www.hoteledison.com.pl\/de\/#website\",\"url\":\"http:\/\/www.hoteledison.com.pl\/de\/\",\"name\":\"Hotel Edison\",\"description\":\"\",\"publisher\":{\"@id\":\"http:\/\/www.hoteledison.com.pl\/de\/#organization\"},\"potentialAction\":[{\"@type\":\"SearchAction\",\"target\":{\"@type\":\"EntryPoint\",\"urlTemplate\":\"http:\/\/www.hoteledison.com.pl\/de\/?s={search_term_string}\"},\"query-input\":\"required name=search_term_string\"}],\"inLanguage\":\"de-DE\"},{\"@type\":\"Organization\",\"@id\":\"http:\/\/www.hoteledison.com.pl\/de\/#organization\",\"name\":\"Hotel Edison\",\"url\":\"http:\/\/www.hoteledison.com.pl\/de\/\",\"logo\":{\"@type\":\"ImageObject\",\"inLanguage\":\"de-DE\",\"@id\":\"http:\/\/www.hoteledison.com.pl\/de\/#\/schema\/logo\/image\/\",\"url\":\"https:\/\/hotel-edison.ms2.decms.eu\/wp-content\/uploads\/sites\/110\/2024\/03\/EDISON_logo.png\",\"contentUrl\":\"https:\/\/hotel-edison.ms2.decms.eu\/wp-content\/uploads\/sites\/110\/2024\/03\/EDISON_logo.png\",\"width\":572,\"height\":518,\"caption\":\"Hotel Edison\"},\"image\":{\"@id\":\"http:\/\/www.hoteledison.com.pl\/de\/#\/schema\/logo\/image\/\"},\"sameAs\":[\"https:\/\/pl-pl.facebook.com\/bwhoteledison.poznan\",\"https:\/\/www.instagram.com\/hotel.edison.poznan\/\"]}]}<\/script>\n<!-- \/ Yoast SEO plugin. -->","yoast_head_json":{"title":"Datenschutz- und Cookie-Richtlinie &#8211; Hotel Edison","description":"%hotelpageDescReduced%%","robots":{"index":"index","follow":"follow","max-snippet":"max-snippet:-1","max-image-preview":"max-image-preview:large","max-video-preview":"max-video-preview:-1"},"canonical":"https:\/\/www.hoteledison.com.pl\/de\/datenschutz-und-cookie-richtlinie\/","og_locale":"de_DE","og_type":"article","og_title":"Datenschutz- und Cookie-Richtlinie &#8211; Hotel Edison","og_description":"%hotelpageDescReduced%%","og_url":"https:\/\/www.hoteledison.com.pl\/de\/datenschutz-und-cookie-richtlinie\/","og_site_name":"Hotel Edison","article_publisher":"https:\/\/pl-pl.facebook.com\/bwhoteledison.poznan","article_modified_time":"2024-06-19T16:14:46+00:00","twitter_card":"summary_large_image","twitter_misc":{"Gesch\u00e4tzte Lesezeit":"2 Minuten"},"schema":{"@context":"https:\/\/schema.org","@graph":[{"@type":"WebPage","@id":"https:\/\/www.hoteledison.com.pl\/de\/datenschutz-und-cookie-richtlinie\/","url":"https:\/\/www.hoteledison.com.pl\/de\/datenschutz-und-cookie-richtlinie\/","name":"Datenschutz- und Cookie-Richtlinie &#8211; Hotel Edison","isPartOf":{"@id":"http:\/\/www.hoteledison.com.pl\/de\/#website"},"datePublished":"2024-02-20T14:24:39+00:00","dateModified":"2024-06-19T16:14:46+00:00","description":"%hotelpageDescReduced%%","breadcrumb":{"@id":"https:\/\/www.hoteledison.com.pl\/de\/datenschutz-und-cookie-richtlinie\/#breadcrumb"},"inLanguage":"de-DE","potentialAction":[{"@type":"ReadAction","target":["https:\/\/www.hoteledison.com.pl\/de\/datenschutz-und-cookie-richtlinie\/"]}]},{"@type":"BreadcrumbList","@id":"https:\/\/www.hoteledison.com.pl\/de\/datenschutz-und-cookie-richtlinie\/#breadcrumb","itemListElement":[{"@type":"ListItem","position":1,"name":"Home","item":"https:\/\/www.hoteledison.com.pl\/de\/"},{"@type":"ListItem","position":2,"name":"Datenschutz- und Cookie-Richtlinie"}]},{"@type":"WebSite","@id":"http:\/\/www.hoteledison.com.pl\/de\/#website","url":"http:\/\/www.hoteledison.com.pl\/de\/","name":"Hotel Edison","description":"","publisher":{"@id":"http:\/\/www.hoteledison.com.pl\/de\/#organization"},"potentialAction":[{"@type":"SearchAction","target":{"@type":"EntryPoint","urlTemplate":"http:\/\/www.hoteledison.com.pl\/de\/?s={search_term_string}"},"query-input":"required name=search_term_string"}],"inLanguage":"de-DE"},{"@type":"Organization","@id":"http:\/\/www.hoteledison.com.pl\/de\/#organization","name":"Hotel Edison","url":"http:\/\/www.hoteledison.com.pl\/de\/","logo":{"@type":"ImageObject","inLanguage":"de-DE","@id":"http:\/\/www.hoteledison.com.pl\/de\/#\/schema\/logo\/image\/","url":"https:\/\/hotel-edison.ms2.decms.eu\/wp-content\/uploads\/sites\/110\/2024\/03\/EDISON_logo.png","contentUrl":"https:\/\/hotel-edison.ms2.decms.eu\/wp-content\/uploads\/sites\/110\/2024\/03\/EDISON_logo.png","width":572,"height":518,"caption":"Hotel Edison"},"image":{"@id":"http:\/\/www.hoteledison.com.pl\/de\/#\/schema\/logo\/image\/"},"sameAs":["https:\/\/pl-pl.facebook.com\/bwhoteledison.poznan","https:\/\/www.instagram.com\/hotel.edison.poznan\/"]}]}},"acf":[],"_links":{"self":[{"href":"https:\/\/www.hoteledison.com.pl\/de\/wp-json\/wp\/v2\/pages\/285"}],"collection":[{"href":"https:\/\/www.hoteledison.com.pl\/de\/wp-json\/wp\/v2\/pages"}],"about":[{"href":"https:\/\/www.hoteledison.com.pl\/de\/wp-json\/wp\/v2\/types\/page"}],"author":[{"embeddable":true,"href":"https:\/\/www.hoteledison.com.pl\/de\/wp-json\/wp\/v2\/users\/12"}],"replies":[{"embeddable":true,"href":"https:\/\/www.hoteledison.com.pl\/de\/wp-json\/wp\/v2\/comments?post=285"}],"version-history":[{"count":0,"href":"https:\/\/www.hoteledison.com.pl\/de\/wp-json\/wp\/v2\/pages\/285\/revisions"}],"wp:attachment":[{"href":"https:\/\/www.hoteledison.com.pl\/de\/wp-json\/wp\/v2\/media?parent=285"}],"curies":[{"name":"wp","href":"https:\/\/api.w.org\/{rel}","templated":true}]}}