{"id":290,"date":"2024-02-20T09:45:13","date_gmt":"2024-02-20T09:45:13","guid":{"rendered":"https:\/\/www.hoteledison.com.pl\/regulamin-hotelu\/"},"modified":"2024-06-19T16:09:02","modified_gmt":"2024-06-19T16:09:02","slug":"hotelvorschriften","status":"publish","type":"page","link":"https:\/\/www.hoteledison.com.pl\/de\/hotelvorschriften\/","title":{"rendered":"Hotelvorschriften"},"content":{"rendered":"<p><strong>Gegenstand der Vorschriften<\/strong><\/p>\n<p>Diese Vorschriften gelten f\u00fcr alle Personen, die sich im Best Western Edison Hotel in Baranowo, ul. Wypoczynkowa 60, aufhalten.<\/p>\n<p>Die Regeln definieren die Dienstleistungsbedingungen, die Verantwortlichkeiten von G\u00e4sten und Hotel sowie die Richtlinien f\u00fcr den Aufenthalt im Hotel.<\/p>\n<p>Die Vorschriften sind an der Hotelrezeption und auf der Website des Hotels verf\u00fcgbar.<\/p>\n","protected":false},"excerpt":{"rendered":"<p>Gegenstand der Vorschriften Diese Vorschriften gelten f\u00fcr alle Personen, die sich im Best Western Edison Hotel in Baranowo, ul. Wypoczynkowa 60, aufhalten. Die Regeln definieren die Dienstleistungsbedingungen, die Verantwortlichkeiten von G\u00e4sten und Hotel sowie die Richtlinien f\u00fcr den Aufenthalt im Hotel. Die Vorschriften sind an der Hotelrezeption und auf der Website des Hotels verf\u00fcgbar.<\/p>\n","protected":false},"author":12,"featured_media":0,"parent":0,"menu_order":100,"comment_status":"closed","ping_status":"closed","template":"template-faq.php","meta":{"footnotes":""},"yoast_head":"<!-- This site is optimized with the Yoast SEO plugin v22.3 - https:\/\/yoast.com\/wordpress\/plugins\/seo\/ -->\n<title>Hotelvorschriften &#8211; Hotel Edison<\/title>\n<meta name=\"description\" content=\"%hotelpageDescReduced%%\" \/>\n<meta name=\"robots\" content=\"index, follow, max-snippet:-1, max-image-preview:large, max-video-preview:-1\" \/>\n<link rel=\"canonical\" href=\"https:\/\/www.hoteledison.com.pl\/de\/hotelvorschriften\/\" \/>\n<meta property=\"og:locale\" content=\"de_DE\" \/>\n<meta property=\"og:type\" content=\"article\" \/>\n<meta property=\"og:title\" content=\"Hotelvorschriften &#8211; Hotel Edison\" \/>\n<meta property=\"og:description\" content=\"%hotelpageDescReduced%%\" \/>\n<meta property=\"og:url\" content=\"https:\/\/www.hoteledison.com.pl\/de\/hotelvorschriften\/\" \/>\n<meta property=\"og:site_name\" content=\"Hotel Edison\" \/>\n<meta property=\"article:publisher\" content=\"https:\/\/pl-pl.facebook.com\/bwhoteledison.poznan\" \/>\n<meta property=\"article:modified_time\" content=\"2024-06-19T16:09:02+00:00\" \/>\n<meta name=\"twitter:card\" content=\"summary_large_image\" \/>\n<meta name=\"twitter:label1\" content=\"Gesch\u00e4tzte Lesezeit\" \/>\n\t<meta name=\"twitter:data1\" content=\"1 Minute\" \/>\n<script type=\"application\/ld+json\" class=\"yoast-schema-graph\">{\"@context\":\"https:\/\/schema.org\",\"@graph\":[{\"@type\":\"WebPage\",\"@id\":\"https:\/\/www.hoteledison.com.pl\/de\/hotelvorschriften\/\",\"url\":\"https:\/\/www.hoteledison.com.pl\/de\/hotelvorschriften\/\",\"name\":\"Hotelvorschriften &#8211; Hotel Edison\",\"isPartOf\":{\"@id\":\"http:\/\/www.hoteledison.com.pl\/de\/#website\"},\"datePublished\":\"2024-02-20T09:45:13+00:00\",\"dateModified\":\"2024-06-19T16:09:02+00:00\",\"description\":\"%hotelpageDescReduced%%\",\"breadcrumb\":{\"@id\":\"https:\/\/www.hoteledison.com.pl\/de\/hotelvorschriften\/#breadcrumb\"},\"inLanguage\":\"de-DE\",\"potentialAction\":[{\"@type\":\"ReadAction\",\"target\":[\"https:\/\/www.hoteledison.com.pl\/de\/hotelvorschriften\/\"]}]},{\"@type\":\"BreadcrumbList\",\"@id\":\"https:\/\/www.hoteledison.com.pl\/de\/hotelvorschriften\/#breadcrumb\",\"itemListElement\":[{\"@type\":\"ListItem\",\"position\":1,\"name\":\"Home\",\"item\":\"https:\/\/www.hoteledison.com.pl\/de\/\"},{\"@type\":\"ListItem\",\"position\":2,\"name\":\"Hotelvorschriften\"}]},{\"@type\":\"WebSite\",\"@id\":\"http:\/\/www.hoteledison.com.pl\/de\/#website\",\"url\":\"http:\/\/www.hoteledison.com.pl\/de\/\",\"name\":\"Hotel Edison\",\"description\":\"\",\"publisher\":{\"@id\":\"http:\/\/www.hoteledison.com.pl\/de\/#organization\"},\"potentialAction\":[{\"@type\":\"SearchAction\",\"target\":{\"@type\":\"EntryPoint\",\"urlTemplate\":\"http:\/\/www.hoteledison.com.pl\/de\/?s={search_term_string}\"},\"query-input\":\"required name=search_term_string\"}],\"inLanguage\":\"de-DE\"},{\"@type\":\"Organization\",\"@id\":\"http:\/\/www.hoteledison.com.pl\/de\/#organization\",\"name\":\"Hotel Edison\",\"url\":\"http:\/\/www.hoteledison.com.pl\/de\/\",\"logo\":{\"@type\":\"ImageObject\",\"inLanguage\":\"de-DE\",\"@id\":\"http:\/\/www.hoteledison.com.pl\/de\/#\/schema\/logo\/image\/\",\"url\":\"https:\/\/hotel-edison.ms2.decms.eu\/wp-content\/uploads\/sites\/110\/2024\/03\/EDISON_logo.png\",\"contentUrl\":\"https:\/\/hotel-edison.ms2.decms.eu\/wp-content\/uploads\/sites\/110\/2024\/03\/EDISON_logo.png\",\"width\":572,\"height\":518,\"caption\":\"Hotel Edison\"},\"image\":{\"@id\":\"http:\/\/www.hoteledison.com.pl\/de\/#\/schema\/logo\/image\/\"},\"sameAs\":[\"https:\/\/pl-pl.facebook.com\/bwhoteledison.poznan\",\"https:\/\/www.instagram.com\/hotel.edison.poznan\/\"]}]}<\/script>\n<!-- \/ Yoast SEO plugin. -->","yoast_head_json":{"title":"Hotelvorschriften &#8211; Hotel Edison","description":"%hotelpageDescReduced%%","robots":{"index":"index","follow":"follow","max-snippet":"max-snippet:-1","max-image-preview":"max-image-preview:large","max-video-preview":"max-video-preview:-1"},"canonical":"https:\/\/www.hoteledison.com.pl\/de\/hotelvorschriften\/","og_locale":"de_DE","og_type":"article","og_title":"Hotelvorschriften &#8211; Hotel Edison","og_description":"%hotelpageDescReduced%%","og_url":"https:\/\/www.hoteledison.com.pl\/de\/hotelvorschriften\/","og_site_name":"Hotel Edison","article_publisher":"https:\/\/pl-pl.facebook.com\/bwhoteledison.poznan","article_modified_time":"2024-06-19T16:09:02+00:00","twitter_card":"summary_large_image","twitter_misc":{"Gesch\u00e4tzte Lesezeit":"1 Minute"},"schema":{"@context":"https:\/\/schema.org","@graph":[{"@type":"WebPage","@id":"https:\/\/www.hoteledison.com.pl\/de\/hotelvorschriften\/","url":"https:\/\/www.hoteledison.com.pl\/de\/hotelvorschriften\/","name":"Hotelvorschriften &#8211; Hotel Edison","isPartOf":{"@id":"http:\/\/www.hoteledison.com.pl\/de\/#website"},"datePublished":"2024-02-20T09:45:13+00:00","dateModified":"2024-06-19T16:09:02+00:00","description":"%hotelpageDescReduced%%","breadcrumb":{"@id":"https:\/\/www.hoteledison.com.pl\/de\/hotelvorschriften\/#breadcrumb"},"inLanguage":"de-DE","potentialAction":[{"@type":"ReadAction","target":["https:\/\/www.hoteledison.com.pl\/de\/hotelvorschriften\/"]}]},{"@type":"BreadcrumbList","@id":"https:\/\/www.hoteledison.com.pl\/de\/hotelvorschriften\/#breadcrumb","itemListElement":[{"@type":"ListItem","position":1,"name":"Home","item":"https:\/\/www.hoteledison.com.pl\/de\/"},{"@type":"ListItem","position":2,"name":"Hotelvorschriften"}]},{"@type":"WebSite","@id":"http:\/\/www.hoteledison.com.pl\/de\/#website","url":"http:\/\/www.hoteledison.com.pl\/de\/","name":"Hotel Edison","description":"","publisher":{"@id":"http:\/\/www.hoteledison.com.pl\/de\/#organization"},"potentialAction":[{"@type":"SearchAction","target":{"@type":"EntryPoint","urlTemplate":"http:\/\/www.hoteledison.com.pl\/de\/?s={search_term_string}"},"query-input":"required name=search_term_string"}],"inLanguage":"de-DE"},{"@type":"Organization","@id":"http:\/\/www.hoteledison.com.pl\/de\/#organization","name":"Hotel Edison","url":"http:\/\/www.hoteledison.com.pl\/de\/","logo":{"@type":"ImageObject","inLanguage":"de-DE","@id":"http:\/\/www.hoteledison.com.pl\/de\/#\/schema\/logo\/image\/","url":"https:\/\/hotel-edison.ms2.decms.eu\/wp-content\/uploads\/sites\/110\/2024\/03\/EDISON_logo.png","contentUrl":"https:\/\/hotel-edison.ms2.decms.eu\/wp-content\/uploads\/sites\/110\/2024\/03\/EDISON_logo.png","width":572,"height":518,"caption":"Hotel Edison"},"image":{"@id":"http:\/\/www.hoteledison.com.pl\/de\/#\/schema\/logo\/image\/"},"sameAs":["https:\/\/pl-pl.facebook.com\/bwhoteledison.poznan","https:\/\/www.instagram.com\/hotel.edison.poznan\/"]}]}},"acf":[],"_links":{"self":[{"href":"https:\/\/www.hoteledison.com.pl\/de\/wp-json\/wp\/v2\/pages\/290"}],"collection":[{"href":"https:\/\/www.hoteledison.com.pl\/de\/wp-json\/wp\/v2\/pages"}],"about":[{"href":"https:\/\/www.hoteledison.com.pl\/de\/wp-json\/wp\/v2\/types\/page"}],"author":[{"embeddable":true,"href":"https:\/\/www.hoteledison.com.pl\/de\/wp-json\/wp\/v2\/users\/12"}],"replies":[{"embeddable":true,"href":"https:\/\/www.hoteledison.com.pl\/de\/wp-json\/wp\/v2\/comments?post=290"}],"version-history":[{"count":0,"href":"https:\/\/www.hoteledison.com.pl\/de\/wp-json\/wp\/v2\/pages\/290\/revisions"}],"wp:attachment":[{"href":"https:\/\/www.hoteledison.com.pl\/de\/wp-json\/wp\/v2\/media?parent=290"}],"curies":[{"name":"wp","href":"https:\/\/api.w.org\/{rel}","templated":true}]}}