{"id":355,"date":"2024-03-14T10:48:19","date_gmt":"2024-03-14T10:48:19","guid":{"rendered":"https:\/\/www.hoteledison.com.pl\/winnica-edison\/"},"modified":"2024-06-25T09:14:33","modified_gmt":"2024-06-25T09:14:33","slug":"edison-weinberg","status":"publish","type":"page","link":"https:\/\/www.hoteledison.com.pl\/de\/edison-weinberg\/","title":{"rendered":"Edison Weinberg"},"content":{"rendered":"<p style=\"text-align: center;\">Der Edison Weinberg befindet sich in Baranowo am Kierskie-See auf dem Gel\u00e4nde des Hotel Edison.<\/p>\n<p style=\"text-align: center;\">Die Gesamtfl\u00e4che des Weinbergs betr\u00e4gt 0,31 Hektar. Die erste Traubenernte fand 2020 statt, und aus diesem Jahr stammen auch die ersten produzierten Weine.<\/p>\n","protected":false},"excerpt":{"rendered":"<p>Der Edison Weinberg befindet sich in Baranowo am Kierskie-See auf dem Gel\u00e4nde des Hotel Edison. Die Gesamtfl\u00e4che des Weinbergs betr\u00e4gt 0,31 Hektar. Die erste Traubenernte fand 2020 statt, und aus diesem Jahr stammen auch die ersten produzierten Weine.<\/p>\n","protected":false},"author":12,"featured_media":0,"parent":0,"menu_order":50,"comment_status":"closed","ping_status":"closed","template":"","meta":{"footnotes":""},"yoast_head":"<!-- This site is optimized with the Yoast SEO plugin v22.3 - https:\/\/yoast.com\/wordpress\/plugins\/seo\/ -->\n<title>Edison Weinberg &#8211; Hotel Edison<\/title>\n<meta name=\"description\" content=\"%hotelpageDescReduced%%\" \/>\n<meta name=\"robots\" content=\"index, follow, max-snippet:-1, max-image-preview:large, max-video-preview:-1\" \/>\n<link rel=\"canonical\" href=\"https:\/\/www.hoteledison.com.pl\/de\/edison-weinberg\/\" \/>\n<meta property=\"og:locale\" content=\"de_DE\" \/>\n<meta property=\"og:type\" content=\"article\" \/>\n<meta property=\"og:title\" content=\"Edison Weinberg &#8211; Hotel Edison\" \/>\n<meta property=\"og:description\" content=\"%hotelpageDescReduced%%\" \/>\n<meta property=\"og:url\" content=\"https:\/\/www.hoteledison.com.pl\/de\/edison-weinberg\/\" \/>\n<meta property=\"og:site_name\" content=\"Hotel Edison\" \/>\n<meta property=\"article:publisher\" content=\"https:\/\/pl-pl.facebook.com\/bwhoteledison.poznan\" \/>\n<meta property=\"article:modified_time\" content=\"2024-06-25T09:14:33+00:00\" \/>\n<meta name=\"twitter:card\" content=\"summary_large_image\" \/>\n<meta name=\"twitter:label1\" content=\"Gesch\u00e4tzte Lesezeit\" \/>\n\t<meta name=\"twitter:data1\" content=\"1 Minute\" \/>\n<script type=\"application\/ld+json\" class=\"yoast-schema-graph\">{\"@context\":\"https:\/\/schema.org\",\"@graph\":[{\"@type\":\"WebPage\",\"@id\":\"https:\/\/www.hoteledison.com.pl\/de\/edison-weinberg\/\",\"url\":\"https:\/\/www.hoteledison.com.pl\/de\/edison-weinberg\/\",\"name\":\"Edison Weinberg &#8211; Hotel Edison\",\"isPartOf\":{\"@id\":\"http:\/\/www.hoteledison.com.pl\/de\/#website\"},\"datePublished\":\"2024-03-14T10:48:19+00:00\",\"dateModified\":\"2024-06-25T09:14:33+00:00\",\"description\":\"%hotelpageDescReduced%%\",\"breadcrumb\":{\"@id\":\"https:\/\/www.hoteledison.com.pl\/de\/edison-weinberg\/#breadcrumb\"},\"inLanguage\":\"de-DE\",\"potentialAction\":[{\"@type\":\"ReadAction\",\"target\":[\"https:\/\/www.hoteledison.com.pl\/de\/edison-weinberg\/\"]}]},{\"@type\":\"BreadcrumbList\",\"@id\":\"https:\/\/www.hoteledison.com.pl\/de\/edison-weinberg\/#breadcrumb\",\"itemListElement\":[{\"@type\":\"ListItem\",\"position\":1,\"name\":\"Home\",\"item\":\"https:\/\/www.hoteledison.com.pl\/de\/\"},{\"@type\":\"ListItem\",\"position\":2,\"name\":\"Edison Weinberg\"}]},{\"@type\":\"WebSite\",\"@id\":\"http:\/\/www.hoteledison.com.pl\/de\/#website\",\"url\":\"http:\/\/www.hoteledison.com.pl\/de\/\",\"name\":\"Hotel Edison\",\"description\":\"\",\"publisher\":{\"@id\":\"http:\/\/www.hoteledison.com.pl\/de\/#organization\"},\"potentialAction\":[{\"@type\":\"SearchAction\",\"target\":{\"@type\":\"EntryPoint\",\"urlTemplate\":\"http:\/\/www.hoteledison.com.pl\/de\/?s={search_term_string}\"},\"query-input\":\"required name=search_term_string\"}],\"inLanguage\":\"de-DE\"},{\"@type\":\"Organization\",\"@id\":\"http:\/\/www.hoteledison.com.pl\/de\/#organization\",\"name\":\"Hotel Edison\",\"url\":\"http:\/\/www.hoteledison.com.pl\/de\/\",\"logo\":{\"@type\":\"ImageObject\",\"inLanguage\":\"de-DE\",\"@id\":\"http:\/\/www.hoteledison.com.pl\/de\/#\/schema\/logo\/image\/\",\"url\":\"https:\/\/hotel-edison.ms2.decms.eu\/wp-content\/uploads\/sites\/110\/2024\/03\/EDISON_logo.png\",\"contentUrl\":\"https:\/\/hotel-edison.ms2.decms.eu\/wp-content\/uploads\/sites\/110\/2024\/03\/EDISON_logo.png\",\"width\":572,\"height\":518,\"caption\":\"Hotel Edison\"},\"image\":{\"@id\":\"http:\/\/www.hoteledison.com.pl\/de\/#\/schema\/logo\/image\/\"},\"sameAs\":[\"https:\/\/pl-pl.facebook.com\/bwhoteledison.poznan\",\"https:\/\/www.instagram.com\/hotel.edison.poznan\/\"]}]}<\/script>\n<!-- \/ Yoast SEO plugin. -->","yoast_head_json":{"title":"Edison Weinberg &#8211; Hotel Edison","description":"%hotelpageDescReduced%%","robots":{"index":"index","follow":"follow","max-snippet":"max-snippet:-1","max-image-preview":"max-image-preview:large","max-video-preview":"max-video-preview:-1"},"canonical":"https:\/\/www.hoteledison.com.pl\/de\/edison-weinberg\/","og_locale":"de_DE","og_type":"article","og_title":"Edison Weinberg &#8211; Hotel Edison","og_description":"%hotelpageDescReduced%%","og_url":"https:\/\/www.hoteledison.com.pl\/de\/edison-weinberg\/","og_site_name":"Hotel Edison","article_publisher":"https:\/\/pl-pl.facebook.com\/bwhoteledison.poznan","article_modified_time":"2024-06-25T09:14:33+00:00","twitter_card":"summary_large_image","twitter_misc":{"Gesch\u00e4tzte Lesezeit":"1 Minute"},"schema":{"@context":"https:\/\/schema.org","@graph":[{"@type":"WebPage","@id":"https:\/\/www.hoteledison.com.pl\/de\/edison-weinberg\/","url":"https:\/\/www.hoteledison.com.pl\/de\/edison-weinberg\/","name":"Edison Weinberg &#8211; Hotel Edison","isPartOf":{"@id":"http:\/\/www.hoteledison.com.pl\/de\/#website"},"datePublished":"2024-03-14T10:48:19+00:00","dateModified":"2024-06-25T09:14:33+00:00","description":"%hotelpageDescReduced%%","breadcrumb":{"@id":"https:\/\/www.hoteledison.com.pl\/de\/edison-weinberg\/#breadcrumb"},"inLanguage":"de-DE","potentialAction":[{"@type":"ReadAction","target":["https:\/\/www.hoteledison.com.pl\/de\/edison-weinberg\/"]}]},{"@type":"BreadcrumbList","@id":"https:\/\/www.hoteledison.com.pl\/de\/edison-weinberg\/#breadcrumb","itemListElement":[{"@type":"ListItem","position":1,"name":"Home","item":"https:\/\/www.hoteledison.com.pl\/de\/"},{"@type":"ListItem","position":2,"name":"Edison Weinberg"}]},{"@type":"WebSite","@id":"http:\/\/www.hoteledison.com.pl\/de\/#website","url":"http:\/\/www.hoteledison.com.pl\/de\/","name":"Hotel Edison","description":"","publisher":{"@id":"http:\/\/www.hoteledison.com.pl\/de\/#organization"},"potentialAction":[{"@type":"SearchAction","target":{"@type":"EntryPoint","urlTemplate":"http:\/\/www.hoteledison.com.pl\/de\/?s={search_term_string}"},"query-input":"required name=search_term_string"}],"inLanguage":"de-DE"},{"@type":"Organization","@id":"http:\/\/www.hoteledison.com.pl\/de\/#organization","name":"Hotel Edison","url":"http:\/\/www.hoteledison.com.pl\/de\/","logo":{"@type":"ImageObject","inLanguage":"de-DE","@id":"http:\/\/www.hoteledison.com.pl\/de\/#\/schema\/logo\/image\/","url":"https:\/\/hotel-edison.ms2.decms.eu\/wp-content\/uploads\/sites\/110\/2024\/03\/EDISON_logo.png","contentUrl":"https:\/\/hotel-edison.ms2.decms.eu\/wp-content\/uploads\/sites\/110\/2024\/03\/EDISON_logo.png","width":572,"height":518,"caption":"Hotel Edison"},"image":{"@id":"http:\/\/www.hoteledison.com.pl\/de\/#\/schema\/logo\/image\/"},"sameAs":["https:\/\/pl-pl.facebook.com\/bwhoteledison.poznan","https:\/\/www.instagram.com\/hotel.edison.poznan\/"]}]}},"acf":[],"_links":{"self":[{"href":"https:\/\/www.hoteledison.com.pl\/de\/wp-json\/wp\/v2\/pages\/355"}],"collection":[{"href":"https:\/\/www.hoteledison.com.pl\/de\/wp-json\/wp\/v2\/pages"}],"about":[{"href":"https:\/\/www.hoteledison.com.pl\/de\/wp-json\/wp\/v2\/types\/page"}],"author":[{"embeddable":true,"href":"https:\/\/www.hoteledison.com.pl\/de\/wp-json\/wp\/v2\/users\/12"}],"replies":[{"embeddable":true,"href":"https:\/\/www.hoteledison.com.pl\/de\/wp-json\/wp\/v2\/comments?post=355"}],"version-history":[{"count":0,"href":"https:\/\/www.hoteledison.com.pl\/de\/wp-json\/wp\/v2\/pages\/355\/revisions"}],"wp:attachment":[{"href":"https:\/\/www.hoteledison.com.pl\/de\/wp-json\/wp\/v2\/media?parent=355"}],"curies":[{"name":"wp","href":"https:\/\/api.w.org\/{rel}","templated":true}]}}