{"id":386,"date":"2024-03-15T17:49:16","date_gmt":"2024-03-15T17:49:16","guid":{"rendered":"https:\/\/www.hoteledison.com.pl\/edison-festival\/"},"modified":"2024-06-21T16:41:57","modified_gmt":"2024-06-21T16:41:57","slug":"edison-festival","status":"publish","type":"page","link":"https:\/\/www.hoteledison.com.pl\/de\/edison-festival\/","title":{"rendered":"Edison Festival"},"content":{"rendered":"<p>Das <strong>Edison Festival<\/strong> ist ein Musikereignis am Kierskie-See mit einer Mischung aus beliebten polnischen Hits und mehr.<\/p>\n<p>Fr\u00fchere Ausgaben haben K\u00fcnstler wie Ania D\u0105browska, Krzysztof Zalewski, Kortez, O.S.T.R. und andere vorgestellt. Das Festival beinhaltet einen gastronomischen Bereich mit Essen vom Lumiere Restaurant und anderen Partnern sowie einen Kinderbereich mit verschiedenen Aktivit\u00e4ten. Die malerische Lage am See verst\u00e4rkt die Atmosph\u00e4re und bietet den Teilnehmern ein unvergessliches Erlebnis.<\/p>\n","protected":false},"excerpt":{"rendered":"<p>Das Edison Festival ist ein Musikereignis am Kierskie-See mit einer Mischung aus beliebten polnischen Hits und mehr. Fr\u00fchere Ausgaben haben K\u00fcnstler wie Ania D\u0105browska, Krzysztof Zalewski, Kortez, O.S.T.R. und andere vorgestellt. Das Festival beinhaltet einen gastronomischen Bereich mit Essen vom Lumiere Restaurant und anderen Partnern sowie einen Kinderbereich mit verschiedenen Aktivit\u00e4ten. Die malerische Lage am [&hellip;]<\/p>\n","protected":false},"author":12,"featured_media":0,"parent":0,"menu_order":60,"comment_status":"closed","ping_status":"closed","template":"template-events.php","meta":{"footnotes":""},"class_list":["post-386","page","type-page","status-publish","hentry"],"yoast_head":"<!-- This site is optimized with the Yoast SEO plugin v27.3 - https:\/\/yoast.com\/product\/yoast-seo-wordpress\/ -->\n<title>Edison Festival &#8211; Hotel Edison<\/title>\n<meta name=\"description\" content=\"%hotelpageDescReduced%%\" \/>\n<meta name=\"robots\" content=\"index, follow, max-snippet:-1, max-image-preview:large, max-video-preview:-1\" \/>\n<link rel=\"canonical\" href=\"https:\/\/www.hoteledison.com.pl\/de\/edison-festival\/\" \/>\n<meta property=\"og:locale\" content=\"de_DE\" \/>\n<meta property=\"og:type\" content=\"article\" \/>\n<meta property=\"og:title\" content=\"Edison Festival &#8211; Hotel Edison\" \/>\n<meta property=\"og:description\" content=\"%hotelpageDescReduced%%\" \/>\n<meta property=\"og:url\" content=\"https:\/\/www.hoteledison.com.pl\/de\/edison-festival\/\" \/>\n<meta property=\"og:site_name\" content=\"Hotel Edison\" \/>\n<meta property=\"article:publisher\" content=\"https:\/\/pl-pl.facebook.com\/bwhoteledison.poznan\" \/>\n<meta property=\"article:modified_time\" content=\"2024-06-21T16:41:57+00:00\" \/>\n<meta name=\"twitter:card\" content=\"summary_large_image\" \/>\n<meta name=\"twitter:label1\" content=\"Gesch\u00e4tzte Lesezeit\" \/>\n\t<meta name=\"twitter:data1\" content=\"1 Minute\" \/>\n<script type=\"application\/ld+json\" class=\"yoast-schema-graph\">{\"@context\":\"https:\\\/\\\/schema.org\",\"@graph\":[{\"@type\":\"WebPage\",\"@id\":\"https:\\\/\\\/www.hoteledison.com.pl\\\/de\\\/edison-festival\\\/\",\"url\":\"https:\\\/\\\/www.hoteledison.com.pl\\\/de\\\/edison-festival\\\/\",\"name\":\"Edison Festival &#8211; Hotel Edison\",\"isPartOf\":{\"@id\":\"http:\\\/\\\/www.hoteledison.com.pl\\\/de\\\/#website\"},\"datePublished\":\"2024-03-15T17:49:16+00:00\",\"dateModified\":\"2024-06-21T16:41:57+00:00\",\"description\":\"%hotelpageDescReduced%%\",\"breadcrumb\":{\"@id\":\"https:\\\/\\\/www.hoteledison.com.pl\\\/de\\\/edison-festival\\\/#breadcrumb\"},\"inLanguage\":\"de-DE\",\"potentialAction\":[{\"@type\":\"ReadAction\",\"target\":[\"https:\\\/\\\/www.hoteledison.com.pl\\\/de\\\/edison-festival\\\/\"]}]},{\"@type\":\"BreadcrumbList\",\"@id\":\"https:\\\/\\\/www.hoteledison.com.pl\\\/de\\\/edison-festival\\\/#breadcrumb\",\"itemListElement\":[{\"@type\":\"ListItem\",\"position\":1,\"name\":\"Home\",\"item\":\"https:\\\/\\\/www.hoteledison.com.pl\\\/de\\\/\"},{\"@type\":\"ListItem\",\"position\":2,\"name\":\"Edison Festival\"}]},{\"@type\":\"WebSite\",\"@id\":\"http:\\\/\\\/www.hoteledison.com.pl\\\/de\\\/#website\",\"url\":\"http:\\\/\\\/www.hoteledison.com.pl\\\/de\\\/\",\"name\":\"Hotel Edison\",\"description\":\"\",\"publisher\":{\"@id\":\"http:\\\/\\\/www.hoteledison.com.pl\\\/de\\\/#organization\"},\"potentialAction\":[{\"@type\":\"SearchAction\",\"target\":{\"@type\":\"EntryPoint\",\"urlTemplate\":\"http:\\\/\\\/www.hoteledison.com.pl\\\/de\\\/?s={search_term_string}\"},\"query-input\":{\"@type\":\"PropertyValueSpecification\",\"valueRequired\":true,\"valueName\":\"search_term_string\"}}],\"inLanguage\":\"de-DE\"},{\"@type\":\"Organization\",\"@id\":\"http:\\\/\\\/www.hoteledison.com.pl\\\/de\\\/#organization\",\"name\":\"Hotel Edison\",\"url\":\"http:\\\/\\\/www.hoteledison.com.pl\\\/de\\\/\",\"logo\":{\"@type\":\"ImageObject\",\"inLanguage\":\"de-DE\",\"@id\":\"http:\\\/\\\/www.hoteledison.com.pl\\\/de\\\/#\\\/schema\\\/logo\\\/image\\\/\",\"url\":\"https:\\\/\\\/hotel-edison.ms2.decms.eu\\\/wp-content\\\/uploads\\\/sites\\\/110\\\/2024\\\/03\\\/EDISON_logo.png\",\"contentUrl\":\"https:\\\/\\\/hotel-edison.ms2.decms.eu\\\/wp-content\\\/uploads\\\/sites\\\/110\\\/2024\\\/03\\\/EDISON_logo.png\",\"width\":572,\"height\":518,\"caption\":\"Hotel Edison\"},\"image\":{\"@id\":\"http:\\\/\\\/www.hoteledison.com.pl\\\/de\\\/#\\\/schema\\\/logo\\\/image\\\/\"},\"sameAs\":[\"https:\\\/\\\/pl-pl.facebook.com\\\/bwhoteledison.poznan\",\"https:\\\/\\\/www.instagram.com\\\/hotel.edison.poznan\\\/\"]}]}<\/script>\n<!-- \/ Yoast SEO plugin. -->","yoast_head_json":{"title":"Edison Festival &#8211; Hotel Edison","description":"%hotelpageDescReduced%%","robots":{"index":"index","follow":"follow","max-snippet":"max-snippet:-1","max-image-preview":"max-image-preview:large","max-video-preview":"max-video-preview:-1"},"canonical":"https:\/\/www.hoteledison.com.pl\/de\/edison-festival\/","og_locale":"de_DE","og_type":"article","og_title":"Edison Festival &#8211; Hotel Edison","og_description":"%hotelpageDescReduced%%","og_url":"https:\/\/www.hoteledison.com.pl\/de\/edison-festival\/","og_site_name":"Hotel Edison","article_publisher":"https:\/\/pl-pl.facebook.com\/bwhoteledison.poznan","article_modified_time":"2024-06-21T16:41:57+00:00","twitter_card":"summary_large_image","twitter_misc":{"Gesch\u00e4tzte Lesezeit":"1 Minute"},"schema":{"@context":"https:\/\/schema.org","@graph":[{"@type":"WebPage","@id":"https:\/\/www.hoteledison.com.pl\/de\/edison-festival\/","url":"https:\/\/www.hoteledison.com.pl\/de\/edison-festival\/","name":"Edison Festival &#8211; Hotel Edison","isPartOf":{"@id":"http:\/\/www.hoteledison.com.pl\/de\/#website"},"datePublished":"2024-03-15T17:49:16+00:00","dateModified":"2024-06-21T16:41:57+00:00","description":"%hotelpageDescReduced%%","breadcrumb":{"@id":"https:\/\/www.hoteledison.com.pl\/de\/edison-festival\/#breadcrumb"},"inLanguage":"de-DE","potentialAction":[{"@type":"ReadAction","target":["https:\/\/www.hoteledison.com.pl\/de\/edison-festival\/"]}]},{"@type":"BreadcrumbList","@id":"https:\/\/www.hoteledison.com.pl\/de\/edison-festival\/#breadcrumb","itemListElement":[{"@type":"ListItem","position":1,"name":"Home","item":"https:\/\/www.hoteledison.com.pl\/de\/"},{"@type":"ListItem","position":2,"name":"Edison Festival"}]},{"@type":"WebSite","@id":"http:\/\/www.hoteledison.com.pl\/de\/#website","url":"http:\/\/www.hoteledison.com.pl\/de\/","name":"Hotel Edison","description":"","publisher":{"@id":"http:\/\/www.hoteledison.com.pl\/de\/#organization"},"potentialAction":[{"@type":"SearchAction","target":{"@type":"EntryPoint","urlTemplate":"http:\/\/www.hoteledison.com.pl\/de\/?s={search_term_string}"},"query-input":{"@type":"PropertyValueSpecification","valueRequired":true,"valueName":"search_term_string"}}],"inLanguage":"de-DE"},{"@type":"Organization","@id":"http:\/\/www.hoteledison.com.pl\/de\/#organization","name":"Hotel Edison","url":"http:\/\/www.hoteledison.com.pl\/de\/","logo":{"@type":"ImageObject","inLanguage":"de-DE","@id":"http:\/\/www.hoteledison.com.pl\/de\/#\/schema\/logo\/image\/","url":"https:\/\/hotel-edison.ms2.decms.eu\/wp-content\/uploads\/sites\/110\/2024\/03\/EDISON_logo.png","contentUrl":"https:\/\/hotel-edison.ms2.decms.eu\/wp-content\/uploads\/sites\/110\/2024\/03\/EDISON_logo.png","width":572,"height":518,"caption":"Hotel Edison"},"image":{"@id":"http:\/\/www.hoteledison.com.pl\/de\/#\/schema\/logo\/image\/"},"sameAs":["https:\/\/pl-pl.facebook.com\/bwhoteledison.poznan","https:\/\/www.instagram.com\/hotel.edison.poznan\/"]}]}},"acf":[],"_links":{"self":[{"href":"https:\/\/www.hoteledison.com.pl\/de\/wp-json\/wp\/v2\/pages\/386","targetHints":{"allow":["GET"]}}],"collection":[{"href":"https:\/\/www.hoteledison.com.pl\/de\/wp-json\/wp\/v2\/pages"}],"about":[{"href":"https:\/\/www.hoteledison.com.pl\/de\/wp-json\/wp\/v2\/types\/page"}],"author":[{"embeddable":true,"href":"https:\/\/www.hoteledison.com.pl\/de\/wp-json\/wp\/v2\/users\/12"}],"replies":[{"embeddable":true,"href":"https:\/\/www.hoteledison.com.pl\/de\/wp-json\/wp\/v2\/comments?post=386"}],"version-history":[{"count":0,"href":"https:\/\/www.hoteledison.com.pl\/de\/wp-json\/wp\/v2\/pages\/386\/revisions"}],"wp:attachment":[{"href":"https:\/\/www.hoteledison.com.pl\/de\/wp-json\/wp\/v2\/media?parent=386"}],"curies":[{"name":"wp","href":"https:\/\/api.w.org\/{rel}","templated":true}]}}